{"id":1362,"date":"2025-11-16T14:25:41","date_gmt":"2025-11-16T13:25:41","guid":{"rendered":"https:\/\/roseacademy.nl\/?page_id=1362"},"modified":"2025-11-16T14:39:02","modified_gmt":"2025-11-16T13:39:02","slug":"paused","status":"publish","type":"page","link":"https:\/\/roseacademy.nl\/nl\/","title":{"rendered":"Paused"},"content":{"rendered":"<div data-elementor-type=\"wp-page\" data-elementor-id=\"1362\" class=\"elementor elementor-1362\" data-elementor-post-type=\"page\">\n\t\t\t\t\t\t<section class=\"elementor-section elementor-top-section elementor-element elementor-element-3943c0b elementor-section-boxed elementor-section-height-default elementor-section-height-default\" data-id=\"3943c0b\" data-element_type=\"section\" data-e-type=\"section\">\n\t\t\t\t\t\t<div class=\"elementor-container elementor-column-gap-default\">\n\t\t\t\t\t<div class=\"elementor-column elementor-col-16 elementor-top-column elementor-element elementor-element-9d80582\" data-id=\"9d80582\" data-element_type=\"column\" data-e-type=\"column\">\n\t\t\t<div class=\"elementor-widget-wrap\">\n\t\t\t\t\t\t\t<\/div>\n\t\t<\/div>\n\t\t\t\t<div class=\"elementor-column elementor-col-66 elementor-top-column elementor-element elementor-element-853c28c\" data-id=\"853c28c\" data-element_type=\"column\" data-e-type=\"column\">\n\t\t\t<div class=\"elementor-widget-wrap elementor-element-populated\">\n\t\t\t\t\t\t<div class=\"elementor-element elementor-element-07c65fb elementor-widget elementor-widget-image\" data-id=\"07c65fb\" data-element_type=\"widget\" data-e-type=\"widget\" data-widget_type=\"image.default\">\n\t\t\t\t<div class=\"elementor-widget-container\">\n\t\t\t\t\t\t\t\t\t\t\t\t\t\t\t<img fetchpriority=\"high\" decoding=\"async\" width=\"800\" height=\"281\" src=\"https:\/\/roseacademy.nl\/wp-content\/uploads\/2022\/06\/Rose-Academy-Banner-ZR-1024x360.png\" class=\"attachment-large size-large wp-image-10\" alt=\"banner-Roseacademy-roleplay-naughty-students\" srcset=\"https:\/\/roseacademy.nl\/wp-content\/uploads\/2022\/06\/Rose-Academy-Banner-ZR-1024x360.png 1024w, https:\/\/roseacademy.nl\/wp-content\/uploads\/2022\/06\/Rose-Academy-Banner-ZR-300x106.png 300w, https:\/\/roseacademy.nl\/wp-content\/uploads\/2022\/06\/Rose-Academy-Banner-ZR-768x270.png 768w, https:\/\/roseacademy.nl\/wp-content\/uploads\/2022\/06\/Rose-Academy-Banner-ZR-1536x540.png 1536w, https:\/\/roseacademy.nl\/wp-content\/uploads\/2022\/06\/Rose-Academy-Banner-ZR-2048x720.png 2048w\" sizes=\"(max-width: 800px) 100vw, 800px\" \/>\t\t\t\t\t\t\t\t\t\t\t\t\t\t\t<\/div>\n\t\t\t\t<\/div>\n\t\t\t\t\t<\/div>\n\t\t<\/div>\n\t\t\t\t<div class=\"elementor-column elementor-col-16 elementor-top-column elementor-element elementor-element-76578e3\" data-id=\"76578e3\" data-element_type=\"column\" data-e-type=\"column\">\n\t\t\t<div class=\"elementor-widget-wrap\">\n\t\t\t\t\t\t\t<\/div>\n\t\t<\/div>\n\t\t\t\t\t<\/div>\n\t\t<\/section>\n\t\t\t\t<section class=\"elementor-section elementor-top-section elementor-element elementor-element-181e506 elementor-section-boxed elementor-section-height-default elementor-section-height-default\" data-id=\"181e506\" data-element_type=\"section\" data-e-type=\"section\">\n\t\t\t\t\t\t<div class=\"elementor-container elementor-column-gap-default\">\n\t\t\t\t\t<div class=\"elementor-column elementor-col-100 elementor-top-column elementor-element elementor-element-02af572\" data-id=\"02af572\" data-element_type=\"column\" data-e-type=\"column\">\n\t\t\t<div class=\"elementor-widget-wrap elementor-element-populated\">\n\t\t\t\t\t\t<div class=\"elementor-element elementor-element-c1f58a7 elementor-widget elementor-widget-text-editor\" data-id=\"c1f58a7\" data-element_type=\"widget\" data-e-type=\"widget\" data-widget_type=\"text-editor.default\">\n\t\t\t\t<div class=\"elementor-widget-container\">\n\t\t\t\t\t\t\t\t\t<h3 data-start=\"378\" data-end=\"401\">\ud83c\uddf3\ud83c\uddf1 <strong data-start=\"387\" data-end=\"401\">Nederlands<\/strong><\/h3><blockquote data-start=\"402\" data-end=\"572\"><p data-start=\"404\" data-end=\"572\"><strong data-start=\"404\" data-end=\"434\">Tijdelijk niet beschikbaar<\/strong><br data-start=\"434\" data-end=\"437\" \/>Deze website is momenteel niet actief omdat onze activiteiten tijdelijk zijn gepauzeerd.<br data-start=\"527\" data-end=\"530\" \/>Dank voor uw begrip, en graag tot later.<\/p><\/blockquote><hr data-start=\"574\" data-end=\"577\" \/><h3 data-start=\"579\" data-end=\"599\">\ud83c\uddec\ud83c\udde7 <strong data-start=\"588\" data-end=\"599\">English<\/strong><\/h3><blockquote data-start=\"600\" data-end=\"778\"><p data-start=\"602\" data-end=\"778\"><strong data-start=\"602\" data-end=\"629\">Temporarily Unavailable<\/strong><br data-start=\"629\" data-end=\"632\" \/>This website is currently inactive as our activities are temporarily on hold.<br data-start=\"711\" data-end=\"714\" \/>Thank you for your understanding, and we hope to be back soon.<\/p><\/blockquote><hr data-start=\"780\" data-end=\"783\" \/><h3 data-start=\"785\" data-end=\"806\">\ud83c\uddeb\ud83c\uddf7 <strong data-start=\"794\" data-end=\"806\">Fran\u00e7ais<\/strong><\/h3><blockquote data-start=\"807\" data-end=\"978\"><p data-start=\"809\" data-end=\"978\"><strong data-start=\"809\" data-end=\"840\">Indisponible temporairement<\/strong><br data-start=\"840\" data-end=\"843\" \/>Ce site est actuellement d\u00e9sactiv\u00e9, car nos activit\u00e9s sont temporairement suspendues.<br data-start=\"930\" data-end=\"933\" \/>Merci de votre compr\u00e9hension, et \u00e0 bient\u00f4t.<\/p><\/blockquote><hr data-start=\"980\" data-end=\"983\" \/><h3 data-start=\"985\" data-end=\"1005\">\ud83c\udde9\ud83c\uddea <strong data-start=\"994\" data-end=\"1005\">Deutsch<\/strong><\/h3><blockquote data-start=\"1006\" data-end=\"1182\"><p data-start=\"1008\" data-end=\"1182\"><strong data-start=\"1008\" data-end=\"1041\">Vor\u00fcbergehend nicht verf\u00fcgbar<\/strong><br data-start=\"1041\" data-end=\"1044\" \/>Diese Website ist derzeit inaktiv, da unsere Aktivit\u00e4ten vor\u00fcbergehend pausiert sind.<br data-start=\"1131\" data-end=\"1134\" \/>Vielen Dank f\u00fcr Ihr Verst\u00e4ndnis, und bis bald.<\/p><\/blockquote>\t\t\t\t\t\t\t\t<\/div>\n\t\t\t\t<\/div>\n\t\t\t\t\t<\/div>\n\t\t<\/div>\n\t\t\t\t\t<\/div>\n\t\t<\/section>\n\t\t\t\t<\/div>","protected":false},"excerpt":{"rendered":"<p>\ud83c\uddf3\ud83c\uddf1 Nederlands Tijdelijk niet beschikbaarDeze website is momenteel niet actief omdat onze activiteiten tijdelijk zijn gepauzeerd.Dank voor uw begrip, en graag tot later. \ud83c\uddec\ud83c\udde7 English Temporarily UnavailableThis website is currently inactive as our activities are temporarily on hold.Thank you for your understanding, and we hope to be back soon. \ud83c\uddeb\ud83c\uddf7 Fran\u00e7ais Indisponible temporairementCe site est [&hellip;]<\/p>\n","protected":false},"author":1,"featured_media":0,"parent":0,"menu_order":0,"comment_status":"closed","ping_status":"closed","template":"","meta":{"footnotes":""},"folder":[],"class_list":["post-1362","page","type-page","status-publish","hentry"],"yoast_head":"<!-- This site is optimized with the Yoast SEO plugin v27.4 - https:\/\/yoast.com\/product\/yoast-seo-wordpress\/ -->\n<title>Paused - Rose Academy<\/title>\n<meta name=\"robots\" content=\"index, follow, max-snippet:-1, max-image-preview:large, max-video-preview:-1\" \/>\n<link rel=\"canonical\" href=\"https:\/\/roseacademy.nl\/nl\/\" \/>\n<meta property=\"og:locale\" content=\"nl_NL\" \/>\n<meta property=\"og:type\" content=\"article\" \/>\n<meta property=\"og:title\" content=\"Paused - Rose Academy\" \/>\n<meta property=\"og:description\" content=\"\ud83c\uddf3\ud83c\uddf1 Nederlands Tijdelijk niet beschikbaarDeze website is momenteel niet actief omdat onze activiteiten tijdelijk zijn gepauzeerd.Dank voor uw begrip, en graag tot later. \ud83c\uddec\ud83c\udde7 English Temporarily UnavailableThis website is currently inactive as our activities are temporarily on hold.Thank you for your understanding, and we hope to be back soon. \ud83c\uddeb\ud83c\uddf7 Fran\u00e7ais Indisponible temporairementCe site est [&hellip;]\" \/>\n<meta property=\"og:url\" content=\"https:\/\/roseacademy.nl\/nl\/\" \/>\n<meta property=\"og:site_name\" content=\"Rose Academy\" \/>\n<meta property=\"article:modified_time\" content=\"2025-11-16T13:39:02+00:00\" \/>\n<meta name=\"twitter:card\" content=\"summary_large_image\" \/>\n<script type=\"application\/ld+json\" class=\"yoast-schema-graph\">{\"@context\":\"https:\\\/\\\/schema.org\",\"@graph\":[{\"@type\":\"WebPage\",\"@id\":\"https:\\\/\\\/roseacademy.nl\\\/\",\"url\":\"https:\\\/\\\/roseacademy.nl\\\/\",\"name\":\"Paused - Rose Academy\",\"isPartOf\":{\"@id\":\"https:\\\/\\\/roseacademy.nl\\\/#website\"},\"primaryImageOfPage\":{\"@id\":\"https:\\\/\\\/roseacademy.nl\\\/#primaryimage\"},\"image\":{\"@id\":\"https:\\\/\\\/roseacademy.nl\\\/#primaryimage\"},\"thumbnailUrl\":\"https:\\\/\\\/roseacademy.nl\\\/wp-content\\\/uploads\\\/2022\\\/06\\\/Rose-Academy-Banner-ZR-1024x360.png\",\"datePublished\":\"2025-11-16T13:25:41+00:00\",\"dateModified\":\"2025-11-16T13:39:02+00:00\",\"breadcrumb\":{\"@id\":\"https:\\\/\\\/roseacademy.nl\\\/#breadcrumb\"},\"inLanguage\":\"nl-NL\",\"potentialAction\":[{\"@type\":\"ReadAction\",\"target\":[\"https:\\\/\\\/roseacademy.nl\\\/\"]}]},{\"@type\":\"ImageObject\",\"inLanguage\":\"nl-NL\",\"@id\":\"https:\\\/\\\/roseacademy.nl\\\/#primaryimage\",\"url\":\"https:\\\/\\\/roseacademy.nl\\\/wp-content\\\/uploads\\\/2022\\\/06\\\/Rose-Academy-Banner-ZR-1024x360.png\",\"contentUrl\":\"https:\\\/\\\/roseacademy.nl\\\/wp-content\\\/uploads\\\/2022\\\/06\\\/Rose-Academy-Banner-ZR-1024x360.png\"},{\"@type\":\"BreadcrumbList\",\"@id\":\"https:\\\/\\\/roseacademy.nl\\\/#breadcrumb\",\"itemListElement\":[{\"@type\":\"ListItem\",\"position\":1,\"name\":\"Home\",\"item\":\"https:\\\/\\\/roseacademy.nl\\\/\"},{\"@type\":\"ListItem\",\"position\":2,\"name\":\"Paused\"}]},{\"@type\":\"WebSite\",\"@id\":\"https:\\\/\\\/roseacademy.nl\\\/#website\",\"url\":\"https:\\\/\\\/roseacademy.nl\\\/\",\"name\":\"Rose Academy\",\"description\":\"Where naughty students get what they truly deserve\",\"publisher\":{\"@id\":\"https:\\\/\\\/roseacademy.nl\\\/#organization\"},\"potentialAction\":[{\"@type\":\"SearchAction\",\"target\":{\"@type\":\"EntryPoint\",\"urlTemplate\":\"https:\\\/\\\/roseacademy.nl\\\/?s={search_term_string}\"},\"query-input\":{\"@type\":\"PropertyValueSpecification\",\"valueRequired\":true,\"valueName\":\"search_term_string\"}}],\"inLanguage\":\"nl-NL\"},{\"@type\":\"Organization\",\"@id\":\"https:\\\/\\\/roseacademy.nl\\\/#organization\",\"name\":\"Rose Academy\",\"url\":\"https:\\\/\\\/roseacademy.nl\\\/\",\"logo\":{\"@type\":\"ImageObject\",\"inLanguage\":\"nl-NL\",\"@id\":\"https:\\\/\\\/roseacademy.nl\\\/#\\\/schema\\\/logo\\\/image\\\/\",\"url\":\"https:\\\/\\\/roseacademy.nl\\\/wp-content\\\/uploads\\\/2022\\\/06\\\/RA-Logo.jpg\",\"contentUrl\":\"https:\\\/\\\/roseacademy.nl\\\/wp-content\\\/uploads\\\/2022\\\/06\\\/RA-Logo.jpg\",\"width\":800,\"height\":800,\"caption\":\"Rose Academy\"},\"image\":{\"@id\":\"https:\\\/\\\/roseacademy.nl\\\/#\\\/schema\\\/logo\\\/image\\\/\"},\"sameAs\":[\"https:\\\/\\\/fetlife.com\\\/groups\\\/136924\",\"https:\\\/\\\/fetlife.com\\\/users\\\/5760527\",\"https:\\\/\\\/fetlife.com\\\/users\\\/4748678\",\"https:\\\/\\\/twitter.com\\\/minto_87\",\"https:\\\/\\\/twitter.com\\\/RoseAcademy1\"]}]}<\/script>\n<!-- \/ Yoast SEO plugin. -->","yoast_head_json":{"title":"Paused - Rose Academy","robots":{"index":"index","follow":"follow","max-snippet":"max-snippet:-1","max-image-preview":"max-image-preview:large","max-video-preview":"max-video-preview:-1"},"canonical":"https:\/\/roseacademy.nl\/nl\/","og_locale":"nl_NL","og_type":"article","og_title":"Paused - Rose Academy","og_description":"\ud83c\uddf3\ud83c\uddf1 Nederlands Tijdelijk niet beschikbaarDeze website is momenteel niet actief omdat onze activiteiten tijdelijk zijn gepauzeerd.Dank voor uw begrip, en graag tot later. \ud83c\uddec\ud83c\udde7 English Temporarily UnavailableThis website is currently inactive as our activities are temporarily on hold.Thank you for your understanding, and we hope to be back soon. \ud83c\uddeb\ud83c\uddf7 Fran\u00e7ais Indisponible temporairementCe site est [&hellip;]","og_url":"https:\/\/roseacademy.nl\/nl\/","og_site_name":"Rose Academy","article_modified_time":"2025-11-16T13:39:02+00:00","twitter_card":"summary_large_image","schema":{"@context":"https:\/\/schema.org","@graph":[{"@type":"WebPage","@id":"https:\/\/roseacademy.nl\/","url":"https:\/\/roseacademy.nl\/","name":"Paused - Rose Academy","isPartOf":{"@id":"https:\/\/roseacademy.nl\/#website"},"primaryImageOfPage":{"@id":"https:\/\/roseacademy.nl\/#primaryimage"},"image":{"@id":"https:\/\/roseacademy.nl\/#primaryimage"},"thumbnailUrl":"https:\/\/roseacademy.nl\/wp-content\/uploads\/2022\/06\/Rose-Academy-Banner-ZR-1024x360.png","datePublished":"2025-11-16T13:25:41+00:00","dateModified":"2025-11-16T13:39:02+00:00","breadcrumb":{"@id":"https:\/\/roseacademy.nl\/#breadcrumb"},"inLanguage":"nl-NL","potentialAction":[{"@type":"ReadAction","target":["https:\/\/roseacademy.nl\/"]}]},{"@type":"ImageObject","inLanguage":"nl-NL","@id":"https:\/\/roseacademy.nl\/#primaryimage","url":"https:\/\/roseacademy.nl\/wp-content\/uploads\/2022\/06\/Rose-Academy-Banner-ZR-1024x360.png","contentUrl":"https:\/\/roseacademy.nl\/wp-content\/uploads\/2022\/06\/Rose-Academy-Banner-ZR-1024x360.png"},{"@type":"BreadcrumbList","@id":"https:\/\/roseacademy.nl\/#breadcrumb","itemListElement":[{"@type":"ListItem","position":1,"name":"Home","item":"https:\/\/roseacademy.nl\/"},{"@type":"ListItem","position":2,"name":"Paused"}]},{"@type":"WebSite","@id":"https:\/\/roseacademy.nl\/#website","url":"https:\/\/roseacademy.nl\/","name":"Rose Academy","description":"Where naughty students get what they truly deserve","publisher":{"@id":"https:\/\/roseacademy.nl\/#organization"},"potentialAction":[{"@type":"SearchAction","target":{"@type":"EntryPoint","urlTemplate":"https:\/\/roseacademy.nl\/?s={search_term_string}"},"query-input":{"@type":"PropertyValueSpecification","valueRequired":true,"valueName":"search_term_string"}}],"inLanguage":"nl-NL"},{"@type":"Organization","@id":"https:\/\/roseacademy.nl\/#organization","name":"Rose Academy","url":"https:\/\/roseacademy.nl\/","logo":{"@type":"ImageObject","inLanguage":"nl-NL","@id":"https:\/\/roseacademy.nl\/#\/schema\/logo\/image\/","url":"https:\/\/roseacademy.nl\/wp-content\/uploads\/2022\/06\/RA-Logo.jpg","contentUrl":"https:\/\/roseacademy.nl\/wp-content\/uploads\/2022\/06\/RA-Logo.jpg","width":800,"height":800,"caption":"Rose Academy"},"image":{"@id":"https:\/\/roseacademy.nl\/#\/schema\/logo\/image\/"},"sameAs":["https:\/\/fetlife.com\/groups\/136924","https:\/\/fetlife.com\/users\/5760527","https:\/\/fetlife.com\/users\/4748678","https:\/\/twitter.com\/minto_87","https:\/\/twitter.com\/RoseAcademy1"]}]}},"_links":{"self":[{"href":"https:\/\/roseacademy.nl\/nl\/wp-json\/wp\/v2\/pages\/1362","targetHints":{"allow":["GET"]}}],"collection":[{"href":"https:\/\/roseacademy.nl\/nl\/wp-json\/wp\/v2\/pages"}],"about":[{"href":"https:\/\/roseacademy.nl\/nl\/wp-json\/wp\/v2\/types\/page"}],"author":[{"embeddable":true,"href":"https:\/\/roseacademy.nl\/nl\/wp-json\/wp\/v2\/users\/1"}],"replies":[{"embeddable":true,"href":"https:\/\/roseacademy.nl\/nl\/wp-json\/wp\/v2\/comments?post=1362"}],"version-history":[{"count":10,"href":"https:\/\/roseacademy.nl\/nl\/wp-json\/wp\/v2\/pages\/1362\/revisions"}],"predecessor-version":[{"id":1373,"href":"https:\/\/roseacademy.nl\/nl\/wp-json\/wp\/v2\/pages\/1362\/revisions\/1373"}],"wp:attachment":[{"href":"https:\/\/roseacademy.nl\/nl\/wp-json\/wp\/v2\/media?parent=1362"}],"wp:term":[{"taxonomy":"folder","embeddable":true,"href":"https:\/\/roseacademy.nl\/nl\/wp-json\/wp\/v2\/folder?post=1362"}],"curies":[{"name":"wp","href":"https:\/\/api.w.org\/{rel}","templated":true}]}}